{"id":825,"date":"2023-10-24T10:53:04","date_gmt":"2023-10-24T08:53:04","guid":{"rendered":"http:\/\/s597766619.mialojamiento.es\/el-festival\/"},"modified":"2024-06-13T12:17:16","modified_gmt":"2024-06-13T10:17:16","slug":"el-festival","status":"publish","type":"page","link":"https:\/\/ambsodecobla.cat\/en\/el-festival\/","title":{"rendered":"The festival"},"content":{"rendered":"<p>[et_pb_section fb_built=&#8221;1&#8243; _builder_version=&#8221;4.22.2&#8243; _module_preset=&#8221;default&#8221; global_colors_info=&#8221;{}&#8221;][et_pb_row _builder_version=&#8221;4.22.2&#8243; _module_preset=&#8221;default&#8221; global_colors_info=&#8221;{}&#8221;][et_pb_column type=&#8221;4_4&#8243; _builder_version=&#8221;4.22.2&#8243; _module_preset=&#8221;default&#8221; global_colors_info=&#8221;{}&#8221;][et_pb_text _builder_version=&#8221;4.25.1&#8243; _module_preset=&#8221;default&#8221; text_font=&#8221;|700|||||||&#8221; text_text_color=&#8221;#FFFFFF&#8221; text_font_size=&#8221;70px&#8221; header_font=&#8221;|700|||||||&#8221; header_text_color=&#8221;#000000&#8243; header_font_size=&#8221;70px&#8221; text_orientation=&#8221;center&#8221; custom_margin=&#8221;14vh||||false|false&#8221; hover_enabled=&#8221;0&#8243; global_colors_info=&#8221;{}&#8221; sticky_enabled=&#8221;0&#8243;]<\/p>\n<h1>The festival<\/h1>\n<p>[\/et_pb_text][\/et_pb_column][\/et_pb_row][et_pb_row column_structure=&#8221;1_2,1_2&#8243; _builder_version=&#8221;4.22.2&#8243; _module_preset=&#8221;default&#8221; global_colors_info=&#8221;{}&#8221;][et_pb_column type=&#8221;1_2&#8243; _builder_version=&#8221;4.22.2&#8243; _module_preset=&#8221;default&#8221; global_colors_info=&#8221;{}&#8221;][et_pb_text _builder_version=&#8221;4.25.1&#8243; _module_preset=&#8221;default&#8221; animation_style=&#8221;slide&#8221; animation_direction=&#8221;left&#8221; hover_transition_speed_curve=&#8221;ease-in-out&#8221; global_colors_info=&#8221;{}&#8221;]<\/p>\n<p>Enguany, del 6 al 10 d&#8217;agost, Amb So de Cobla, el Festival de Cobla de Catalunya, compleix la seva vuitena edici\u00f3.<\/p>\n<p>Des dels seus inicis, la voluntat del festival \u00e9s acostar la sonoritat de la cobla a tot tipus de p\u00fablic. Tant el m\u00e9s acostumat a aquestes sonoritats com a tot aficionat a la m\u00fasica que a vegades no t\u00e9 l&#8217;oportunitat de sentir aquest so fora de l&#8217;\u00e0mbit estrictament sardanista. El flabiol, el tible, la tenora, el tromb\u00f3, el fiscorn i el contrabaix surten de la cobla per trobar-se amb altres instruments musicals. M\u00e9s enll\u00e0 de la formaci\u00f3 de cobla convencional, el festival obre un ventall de possibilitats de fusi\u00f3 gaireb\u00e9 il\u00b7limitat.<\/p>\n<p>En un any on el so de la cobla ha tingut un gran ress\u00f2 medi\u00e0tic, volem des del festival celebrar-ho. Per aix\u00f2 m\u00e9s que mai volem fer valdre i sobretot continuar reivindicant la feina feta i que s&#8217;est\u00e0 fent des de fa molts anys per molta gent, ja sigui des de la gesti\u00f3 cultural, des de la part art\u00edstica i creativa o des de la part de promoci\u00f3 i difusi\u00f3 de la cultura catalana en maj\u00fascules, dibuixant un horitz\u00f3 real per la nostra cultura i el nostre so, ja que sense un horitz\u00f3 real i s\u00f2lid el nostre so pot acabar cobert d&#8217;ignor\u00e0ncia i sobretot de caricaturitzaci\u00f3 que certes modes poden generar, fent que perdem unes identitats com a poble plenes de la hist\u00f2ria del nostre pa\u00eds i el nostre fer i ser.<\/p>\n<p>El m\u00f3n de la cobla amb totes les seves vessants ja siguin sardanistes, musicals m\u00e9s cl\u00e0ssiques, experimentals o de fusi\u00f3, hist\u00f2riques, antropol\u00f2giques, culturals, folkl\u00f2riques i un llarg etc., \u00e9s un m\u00f3n ric i ple d&#8217;hist\u00f2ria que ens ha acompanyat i ha configurat tamb\u00e9 com a poble i societat. Per tant, aquest \u00e9s l&#8217;esperit i el sentir del Festival Amb So de Cobla i en aquesta setena edici\u00f3 ens continuem sentint responsables de participar en el la definici\u00f3 d\u2019 aquest horitz\u00f3 desacomplexat i ferm, orgullosos del nostre passat, present i futur. Perqu\u00e8 sense horitz\u00f3 es perd el cam\u00ed, i aqu\u00ed \u00e9s on hi ha el gran perill de perdre&#8217;ns.<\/p>\n<p>El projecte est\u00e0 inspirat per l&#8217;Agrupaci\u00f3 Sardanista Costa Brava de Palam\u00f3s. La Direcci\u00f3 General de Cultura Popular i Associacionisme Cultural impulsa i organitza el festival que est\u00e0 gestionat per l&#8217;Ajuntament de Palam\u00f3s. La Diputaci\u00f3 de Girona i la Confederaci\u00f3 Sardanista de Catalunya hi donen suport i col\u00b7laboraci\u00f3.<\/p>\n<p>[\/et_pb_text][\/et_pb_column][et_pb_column type=&#8221;1_2&#8243; _builder_version=&#8221;4.22.2&#8243; _module_preset=&#8221;default&#8221; global_colors_info=&#8221;{}&#8221;][et_pb_image src=&#8221;http:\/\/ambsodecobla.cat\/wp-content\/uploads\/2024\/06\/2024.png&#8221; title_text=&#8221;2024&#8243; _builder_version=&#8221;4.25.1&#8243; _module_preset=&#8221;default&#8221; border_width_all=&#8221;2px&#8221; global_colors_info=&#8221;{}&#8221;][\/et_pb_image][\/et_pb_column][\/et_pb_row][\/et_pb_section][et_pb_section fb_built=&#8221;1&#8243; _builder_version=&#8221;4.23.1&#8243; _module_preset=&#8221;default&#8221; background_color=&#8221;#111111&#8243; global_colors_info=&#8221;{}&#8221;][et_pb_row _builder_version=&#8221;4.23.1&#8243; _module_preset=&#8221;default&#8221; global_colors_info=&#8221;{}&#8221;][et_pb_column type=&#8221;4_4&#8243; _builder_version=&#8221;4.23.1&#8243; _module_preset=&#8221;default&#8221; global_colors_info=&#8221;{}&#8221;][et_pb_text _builder_version=&#8221;4.23.1&#8243; _module_preset=&#8221;default&#8221; header_2_text_color=&#8221;#FFFFFF&#8221; text_orientation=&#8221;center&#8221; global_colors_info=&#8221;{}&#8221;]<\/p>\n<h2>All the posters<\/h2>\n<p>[\/et_pb_text][\/et_pb_column][\/et_pb_row][et_pb_row _builder_version=&#8221;4.23.1&#8243; _module_preset=&#8221;default&#8221; width=&#8221;100%&#8221; max_width=&#8221;2560px&#8221; custom_padding=&#8221;|40px||40px|false|true&#8221; global_colors_info=&#8221;{}&#8221;][et_pb_column type=&#8221;4_4&#8243; _builder_version=&#8221;4.23.1&#8243; _module_preset=&#8221;default&#8221; global_colors_info=&#8221;{}&#8221;][ba_logo_grid grid_gap=&#8221;20px&#8221; column_count_tablet=&#8221;4&#8243; column_count_phone=&#8221;2&#8243; column_count_last_edited=&#8221;on|phone&#8221; grid_gap_tablet=&#8221;20px&#8221; grid_gap_phone=&#8221;5px&#8221; grid_gap_last_edited=&#8221;on|phone&#8221; _builder_version=&#8221;4.25.1&#8243; _module_preset=&#8221;default&#8221; global_colors_info=&#8221;{}&#8221;][ba_logo_grid_child logo_url=&#8221;http:\/\/ambsodecobla.cat\/wp-content\/uploads\/2024\/06\/2024.png&#8221; brand_name=&#8221;2024&#8243; use_tooltip=&#8221;on&#8221; tooltip_text=&#8221;2024&#8243; _builder_version=&#8221;4.25.1&#8243; _module_preset=&#8221;default&#8221; global_colors_info=&#8221;{}&#8221;][\/ba_logo_grid_child][ba_logo_grid_child logo_url=&#8221;http:\/\/ambsodecobla.cat\/wp-content\/uploads\/2024\/06\/2023.png&#8221; brand_name=&#8221;2023&#8243; use_tooltip=&#8221;on&#8221; tooltip_text=&#8221;2023&#8243; _builder_version=&#8221;4.25.1&#8243; _module_preset=&#8221;default&#8221; global_colors_info=&#8221;{}&#8221;][\/ba_logo_grid_child][ba_logo_grid_child logo_url=&#8221;http:\/\/ambsodecobla.cat\/wp-content\/uploads\/2024\/06\/2022.jpg&#8221; brand_name=&#8221;2022&#8243; use_tooltip=&#8221;on&#8221; tooltip_text=&#8221;2022&#8243; _builder_version=&#8221;4.25.1&#8243; _module_preset=&#8221;default&#8221; global_colors_info=&#8221;{}&#8221;][\/ba_logo_grid_child][ba_logo_grid_child logo_url=&#8221;http:\/\/ambsodecobla.cat\/wp-content\/uploads\/2024\/06\/2021.png&#8221; brand_name=&#8221;2021&#8243; use_tooltip=&#8221;on&#8221; tooltip_text=&#8221;2021&#8243; _builder_version=&#8221;4.25.1&#8243; _module_preset=&#8221;default&#8221; global_colors_info=&#8221;{}&#8221;][\/ba_logo_grid_child][ba_logo_grid_child logo_url=&#8221;http:\/\/ambsodecobla.cat\/wp-content\/uploads\/2024\/06\/2020.jpg&#8221; brand_name=&#8221;2020&#8243; use_tooltip=&#8221;on&#8221; tooltip_text=&#8221;2020&#8243; _builder_version=&#8221;4.25.1&#8243; _module_preset=&#8221;default&#8221; global_colors_info=&#8221;{}&#8221;][\/ba_logo_grid_child][ba_logo_grid_child logo_url=&#8221;http:\/\/ambsodecobla.cat\/wp-content\/uploads\/2024\/06\/2019.jpg&#8221; brand_name=&#8221;2019&#8243; use_tooltip=&#8221;on&#8221; tooltip_text=&#8221;2019&#8243; _builder_version=&#8221;4.25.1&#8243; _module_preset=&#8221;default&#8221; global_colors_info=&#8221;{}&#8221;][\/ba_logo_grid_child][ba_logo_grid_child logo_url=&#8221;http:\/\/ambsodecobla.cat\/wp-content\/uploads\/2024\/06\/2018.jpg&#8221; brand_name=&#8221;2018&#8243; use_tooltip=&#8221;on&#8221; tooltip_text=&#8221;2018&#8243; _builder_version=&#8221;4.25.1&#8243; _module_preset=&#8221;default&#8221; global_colors_info=&#8221;{}&#8221;][\/ba_logo_grid_child][ba_logo_grid_child logo_url=&#8221;http:\/\/ambsodecobla.cat\/wp-content\/uploads\/2024\/06\/2017.png&#8221; brand_name=&#8221;2017&#8243; use_tooltip=&#8221;on&#8221; tooltip_text=&#8221;2017&#8243; _builder_version=&#8221;4.25.1&#8243; _module_preset=&#8221;default&#8221; global_colors_info=&#8221;{}&#8221;][\/ba_logo_grid_child][\/ba_logo_grid][\/et_pb_column][\/et_pb_row][\/et_pb_section]<\/p>\n","protected":false},"excerpt":{"rendered":"<p>The festivalEnguany, del 6 al 10 d&#8217;agost, Amb So de Cobla, el Festival de Cobla de Catalunya, compleix la seva vuitena edici\u00f3. Des dels seus inicis, la voluntat del festival [&hellip;]<\/p>\n","protected":false},"author":1,"featured_media":0,"parent":0,"menu_order":0,"comment_status":"closed","ping_status":"closed","template":"","meta":{"_et_pb_use_builder":"on","_et_pb_old_content":"","_et_gb_content_width":"","footnotes":""},"class_list":["post-825","page","type-page","status-publish","hentry"],"_links":{"self":[{"href":"https:\/\/ambsodecobla.cat\/en\/wp-json\/wp\/v2\/pages\/825","targetHints":{"allow":["GET"]}}],"collection":[{"href":"https:\/\/ambsodecobla.cat\/en\/wp-json\/wp\/v2\/pages"}],"about":[{"href":"https:\/\/ambsodecobla.cat\/en\/wp-json\/wp\/v2\/types\/page"}],"author":[{"embeddable":true,"href":"https:\/\/ambsodecobla.cat\/en\/wp-json\/wp\/v2\/users\/1"}],"replies":[{"embeddable":true,"href":"https:\/\/ambsodecobla.cat\/en\/wp-json\/wp\/v2\/comments?post=825"}],"version-history":[{"count":26,"href":"https:\/\/ambsodecobla.cat\/en\/wp-json\/wp\/v2\/pages\/825\/revisions"}],"predecessor-version":[{"id":2828,"href":"https:\/\/ambsodecobla.cat\/en\/wp-json\/wp\/v2\/pages\/825\/revisions\/2828"}],"wp:attachment":[{"href":"https:\/\/ambsodecobla.cat\/en\/wp-json\/wp\/v2\/media?parent=825"}],"curies":[{"name":"wp","href":"https:\/\/api.w.org\/{rel}","templated":true}]}}