{"id":2804,"date":"2023-10-24T10:53:04","date_gmt":"2023-10-24T08:53:04","guid":{"rendered":"https:\/\/ambsodecobla.cat\/le-festival\/"},"modified":"2024-06-13T12:17:16","modified_gmt":"2024-06-13T10:17:16","slug":"le-festival","status":"publish","type":"page","link":"https:\/\/ambsodecobla.cat\/fr\/le-festival\/","title":{"rendered":"Le Festival"},"content":{"rendered":"<p>[et_pb_section fb_built=\u00a0\u00bb1&Prime; _builder_version=\u00a0\u00bb4.22.2&Prime; _module_preset=\u00a0\u00bbdefault\u00a0\u00bb global_colors_info=\u00a0\u00bb{}\u00a0\u00bb][et_pb_row _builder_version=\u00a0\u00bb4.22.2&Prime; _module_preset=\u00a0\u00bbdefault\u00a0\u00bb global_colors_info=\u00a0\u00bb{}\u00a0\u00bb][et_pb_column type=\u00a0\u00bb4_4&Prime; _builder_version=\u00a0\u00bb4.22.2&Prime; _module_preset=\u00a0\u00bbdefault\u00a0\u00bb global_colors_info=\u00a0\u00bb{}\u00a0\u00bb][et_pb_text _builder_version=\u00a0\u00bb4.25.1&Prime; _module_preset=\u00a0\u00bbdefault\u00a0\u00bb text_font=\u00a0\u00bb|700|||||||\u00a0\u00bb text_text_color=\u00a0\u00bb#FFFFFF\u00a0\u00bb text_font_size=\u00a0\u00bb70px\u00a0\u00bb header_font=\u00a0\u00bb|700|||||||\u00a0\u00bb header_text_color=\u00a0\u00bb#000000&Prime; header_font_size=\u00a0\u00bb70px\u00a0\u00bb text_orientation=\u00a0\u00bbcenter\u00a0\u00bb custom_margin=\u00a0\u00bb14vh||||false|false\u00a0\u00bb hover_enabled=\u00a0\u00bb0&Prime; global_colors_info=\u00a0\u00bb{}\u00a0\u00bb sticky_enabled=\u00a0\u00bb0&Prime;]<\/p>\n<h1>Le festival<\/h1>\n<p>[\/et_pb_text][\/et_pb_column][\/et_pb_row][et_pb_row column_structure=\u00a0\u00bb1_2,1_2&Prime; _builder_version=\u00a0\u00bb4.22.2&Prime; _module_preset=\u00a0\u00bbdefault\u00a0\u00bb global_colors_info=\u00a0\u00bb{}\u00a0\u00bb][et_pb_column type=\u00a0\u00bb1_2&Prime; _builder_version=\u00a0\u00bb4.22.2&Prime; _module_preset=\u00a0\u00bbdefault\u00a0\u00bb global_colors_info=\u00a0\u00bb{}\u00a0\u00bb][et_pb_text _builder_version=\u00a0\u00bb4.25.1&Prime; _module_preset=\u00a0\u00bbdefault\u00a0\u00bb animation_style=\u00a0\u00bbslide\u00a0\u00bb animation_direction=\u00a0\u00bbleft\u00a0\u00bb hover_transition_speed_curve=\u00a0\u00bbease-in-out\u00a0\u00bb global_colors_info=\u00a0\u00bb{}\u00a0\u00bb]Cette ann\u00e9e, du 6 au 10 ao\u00fbt, Amb So de Cobla, le Festival Cobla de Catalogne, c\u00e9l\u00e8bre sa huiti\u00e8me \u00e9dition.<\/p>\n<p>Depuis sa cr\u00e9ation, l&rsquo;objectif du festival est de rapprocher la sonorit\u00e9 du couplet de tous les publics. Aussi bien les plus habitu\u00e9s \u00e0 ces sons que tous les fans de musique qui n&rsquo;ont parfois pas l&rsquo;occasion d&rsquo;entendre ce son en dehors du domaine strictement sardaniste. Le flabiol, le tibel, le t\u00e9nor, le trombone, le fiscorn et la contrebasse quittent le couplet pour rencontrer d&rsquo;autres instruments de musique. Au-del\u00e0 de la formation conventionnelle des couplets, le festival ouvre une gamme presque illimit\u00e9e de possibilit\u00e9s de fusion.<\/p>\n<p>Dans une ann\u00e9e o\u00f9 le son du couplet a b\u00e9n\u00e9fici\u00e9 d&rsquo;une grande couverture m\u00e9diatique, nous voulons le c\u00e9l\u00e9brer depuis le festival. C&rsquo;est pourquoi, plus que jamais, nous voulons valoriser et surtout continuer \u00e0 revendiquer le travail r\u00e9alis\u00e9 et qui est r\u00e9alis\u00e9 depuis de nombreuses ann\u00e9es par de nombreuses personnes, que ce soit du c\u00f4t\u00e9 de la gestion culturelle, du c\u00f4t\u00e9 artistique et cr\u00e9atif ou du c\u00f4t\u00e9 de la promotion et diffusion de la culture catalane en majuscules, dessinant un v\u00e9ritable horizon pour notre culture et notre son, car sans un horizon r\u00e9el et solide, notre son peut finir par se couvrir de l&rsquo;ignorance et surtout de la caricature que certaines modes peuvent g\u00e9n\u00e9rer, nous faisant perdre des identit\u00e9s comme un peuple charg\u00e9 de l&rsquo;histoire de notre pays, de nos actions et de notre \u00eatre.<\/p>\n<p>Le monde du couplet avec toutes ses facettes, qu&rsquo;elles soient sardanistes, musicales plus classiques, exp\u00e9rimentales ou fusion, historiques, anthropologiques, culturelles, folkloriques et bien d&rsquo;autres encore, est un monde riche et plein d&rsquo;histoire qui nous a accompagn\u00e9s et qui a aussi configur\u00e9e comme ville et soci\u00e9t\u00e9. C&rsquo;est donc l&rsquo;esprit et le sentiment du Festival Amb So de Cobla et dans cette septi\u00e8me \u00e9dition, nous continuons \u00e0 nous sentir responsables de participer \u00e0 la d\u00e9finition de cet horizon simple et ferme, fiers de notre pass\u00e9, pr\u00e9sent et futur. Car sans horizon, le chemin est perdu, et c\u2019est l\u00e0 que r\u00e9side le grand danger de se perdre.<\/p>\n<p>Le projet s&rsquo;inspire du groupe Costa Brava Sardanista de Palam\u00f3s. La Direction G\u00e9n\u00e9rale de la Culture Populaire et des Associations Culturelles promeut et organise le festival qui est g\u00e9r\u00e9 par la Mairie de Palam\u00f3s. La Diputaci\u00f3 de Girona et la Conf\u00e9d\u00e9ration Sardaniste de Catalogne apportent leur soutien et leur collaboration.[\/et_pb_text][\/et_pb_column][et_pb_column type=\u00a0\u00bb1_2&Prime; _builder_version=\u00a0\u00bb4.22.2&Prime; _module_preset=\u00a0\u00bbdefault\u00a0\u00bb global_colors_info=\u00a0\u00bb{}\u00a0\u00bb][et_pb_image src=\u00a0\u00bbhttp:\/\/ambsodecobla.cat\/wp-content\/uploads\/2024\/06\/2024.png\u00a0\u00bb title_text=\u00a0\u00bb2024&Prime; _builder_version=\u00a0\u00bb4.25.1&Prime; _module_preset=\u00a0\u00bbdefault\u00a0\u00bb border_width_all=\u00a0\u00bb2px\u00a0\u00bb global_colors_info=\u00a0\u00bb{}\u00a0\u00bb][\/et_pb_image][\/et_pb_column][\/et_pb_row][\/et_pb_section][et_pb_section fb_built=\u00a0\u00bb1&Prime; _builder_version=\u00a0\u00bb4.23.1&Prime; _module_preset=\u00a0\u00bbdefault\u00a0\u00bb background_color=\u00a0\u00bb#111111&Prime; global_colors_info=\u00a0\u00bb{}\u00a0\u00bb][et_pb_row _builder_version=\u00a0\u00bb4.23.1&Prime; _module_preset=\u00a0\u00bbdefault\u00a0\u00bb global_colors_info=\u00a0\u00bb{}\u00a0\u00bb][et_pb_column type=\u00a0\u00bb4_4&Prime; _builder_version=\u00a0\u00bb4.23.1&Prime; _module_preset=\u00a0\u00bbdefault\u00a0\u00bb global_colors_info=\u00a0\u00bb{}\u00a0\u00bb][et_pb_text _builder_version=\u00a0\u00bb4.23.1&Prime; _module_preset=\u00a0\u00bbdefault\u00a0\u00bb header_2_text_color=\u00a0\u00bb#FFFFFF\u00a0\u00bb text_orientation=\u00a0\u00bbcenter\u00a0\u00bb global_colors_info=\u00a0\u00bb{}\u00a0\u00bb]<\/p>\n<h2>Toutes les affiches<\/h2>\n<p>[\/et_pb_text][\/et_pb_column][\/et_pb_row][et_pb_row _builder_version=\u00a0\u00bb4.23.1&Prime; _module_preset=\u00a0\u00bbdefault\u00a0\u00bb width=\u00a0\u00bb100%\u00a0\u00bb max_width=\u00a0\u00bb2560px\u00a0\u00bb custom_padding=\u00a0\u00bb|40px||40px|false|true\u00a0\u00bb global_colors_info=\u00a0\u00bb{}\u00a0\u00bb][et_pb_column type=\u00a0\u00bb4_4&Prime; _builder_version=\u00a0\u00bb4.23.1&Prime; _module_preset=\u00a0\u00bbdefault\u00a0\u00bb global_colors_info=\u00a0\u00bb{}\u00a0\u00bb][ba_logo_grid grid_gap=\u00a0\u00bb20px\u00a0\u00bb column_count_tablet=\u00a0\u00bb4&Prime; column_count_phone=\u00a0\u00bb2&Prime; column_count_last_edited=\u00a0\u00bbon|phone\u00a0\u00bb grid_gap_tablet=\u00a0\u00bb20px\u00a0\u00bb grid_gap_phone=\u00a0\u00bb5px\u00a0\u00bb grid_gap_last_edited=\u00a0\u00bbon|phone\u00a0\u00bb _builder_version=\u00a0\u00bb4.25.1&Prime; _module_preset=\u00a0\u00bbdefault\u00a0\u00bb global_colors_info=\u00a0\u00bb{}\u00a0\u00bb][ba_logo_grid_child logo_url=\u00a0\u00bbhttp:\/\/ambsodecobla.cat\/wp-content\/uploads\/2024\/06\/2024.png\u00a0\u00bb brand_name=\u00a0\u00bb2024&Prime; use_tooltip=\u00a0\u00bbon\u00a0\u00bb tooltip_text=\u00a0\u00bb2024&Prime; _builder_version=\u00a0\u00bb4.25.1&Prime; _module_preset=\u00a0\u00bbdefault\u00a0\u00bb global_colors_info=\u00a0\u00bb{}\u00a0\u00bb][\/ba_logo_grid_child][ba_logo_grid_child logo_url=\u00a0\u00bbhttp:\/\/ambsodecobla.cat\/wp-content\/uploads\/2024\/06\/2023.png\u00a0\u00bb brand_name=\u00a0\u00bb2023&Prime; use_tooltip=\u00a0\u00bbon\u00a0\u00bb tooltip_text=\u00a0\u00bb2023&Prime; _builder_version=\u00a0\u00bb4.25.1&Prime; _module_preset=\u00a0\u00bbdefault\u00a0\u00bb global_colors_info=\u00a0\u00bb{}\u00a0\u00bb][\/ba_logo_grid_child][ba_logo_grid_child logo_url=\u00a0\u00bbhttp:\/\/ambsodecobla.cat\/wp-content\/uploads\/2024\/06\/2022.jpg\u00a0\u00bb brand_name=\u00a0\u00bb2022&Prime; use_tooltip=\u00a0\u00bbon\u00a0\u00bb tooltip_text=\u00a0\u00bb2022&Prime; _builder_version=\u00a0\u00bb4.25.1&Prime; _module_preset=\u00a0\u00bbdefault\u00a0\u00bb global_colors_info=\u00a0\u00bb{}\u00a0\u00bb][\/ba_logo_grid_child][ba_logo_grid_child logo_url=\u00a0\u00bbhttp:\/\/ambsodecobla.cat\/wp-content\/uploads\/2024\/06\/2021.png\u00a0\u00bb brand_name=\u00a0\u00bb2021&Prime; use_tooltip=\u00a0\u00bbon\u00a0\u00bb tooltip_text=\u00a0\u00bb2021&Prime; _builder_version=\u00a0\u00bb4.25.1&Prime; _module_preset=\u00a0\u00bbdefault\u00a0\u00bb global_colors_info=\u00a0\u00bb{}\u00a0\u00bb][\/ba_logo_grid_child][ba_logo_grid_child logo_url=\u00a0\u00bbhttp:\/\/ambsodecobla.cat\/wp-content\/uploads\/2024\/06\/2020.jpg\u00a0\u00bb brand_name=\u00a0\u00bb2020&Prime; use_tooltip=\u00a0\u00bbon\u00a0\u00bb tooltip_text=\u00a0\u00bb2020&Prime; _builder_version=\u00a0\u00bb4.25.1&Prime; _module_preset=\u00a0\u00bbdefault\u00a0\u00bb global_colors_info=\u00a0\u00bb{}\u00a0\u00bb][\/ba_logo_grid_child][ba_logo_grid_child logo_url=\u00a0\u00bbhttp:\/\/ambsodecobla.cat\/wp-content\/uploads\/2024\/06\/2019.jpg\u00a0\u00bb brand_name=\u00a0\u00bb2019&Prime; use_tooltip=\u00a0\u00bbon\u00a0\u00bb tooltip_text=\u00a0\u00bb2019&Prime; _builder_version=\u00a0\u00bb4.25.1&Prime; _module_preset=\u00a0\u00bbdefault\u00a0\u00bb global_colors_info=\u00a0\u00bb{}\u00a0\u00bb][\/ba_logo_grid_child][ba_logo_grid_child logo_url=\u00a0\u00bbhttp:\/\/ambsodecobla.cat\/wp-content\/uploads\/2024\/06\/2018.jpg\u00a0\u00bb brand_name=\u00a0\u00bb2018&Prime; use_tooltip=\u00a0\u00bbon\u00a0\u00bb tooltip_text=\u00a0\u00bb2018&Prime; _builder_version=\u00a0\u00bb4.25.1&Prime; _module_preset=\u00a0\u00bbdefault\u00a0\u00bb global_colors_info=\u00a0\u00bb{}\u00a0\u00bb][\/ba_logo_grid_child][ba_logo_grid_child logo_url=\u00a0\u00bbhttp:\/\/ambsodecobla.cat\/wp-content\/uploads\/2024\/06\/2017.png\u00a0\u00bb brand_name=\u00a0\u00bb2017&Prime; use_tooltip=\u00a0\u00bbon\u00a0\u00bb tooltip_text=\u00a0\u00bb2017&Prime; _builder_version=\u00a0\u00bb4.25.1&Prime; _module_preset=\u00a0\u00bbdefault\u00a0\u00bb global_colors_info=\u00a0\u00bb{}\u00a0\u00bb][\/ba_logo_grid_child][\/ba_logo_grid][\/et_pb_column][\/et_pb_row][\/et_pb_section]<\/p>\n","protected":false},"excerpt":{"rendered":"<p>Le festivalCette ann\u00e9e, du 6 au 10 ao\u00fbt, Amb So de Cobla, le Festival Cobla de Catalogne, c\u00e9l\u00e8bre sa huiti\u00e8me \u00e9dition. Depuis sa cr\u00e9ation, l&rsquo;objectif du festival est de rapprocher [&hellip;]<\/p>\n","protected":false},"author":1,"featured_media":0,"parent":0,"menu_order":0,"comment_status":"closed","ping_status":"closed","template":"","meta":{"_et_pb_use_builder":"on","_et_pb_old_content":"","_et_gb_content_width":"","footnotes":""},"class_list":["post-2804","page","type-page","status-publish","hentry"],"_links":{"self":[{"href":"https:\/\/ambsodecobla.cat\/fr\/wp-json\/wp\/v2\/pages\/2804","targetHints":{"allow":["GET"]}}],"collection":[{"href":"https:\/\/ambsodecobla.cat\/fr\/wp-json\/wp\/v2\/pages"}],"about":[{"href":"https:\/\/ambsodecobla.cat\/fr\/wp-json\/wp\/v2\/types\/page"}],"author":[{"embeddable":true,"href":"https:\/\/ambsodecobla.cat\/fr\/wp-json\/wp\/v2\/users\/1"}],"replies":[{"embeddable":true,"href":"https:\/\/ambsodecobla.cat\/fr\/wp-json\/wp\/v2\/comments?post=2804"}],"version-history":[{"count":4,"href":"https:\/\/ambsodecobla.cat\/fr\/wp-json\/wp\/v2\/pages\/2804\/revisions"}],"predecessor-version":[{"id":2829,"href":"https:\/\/ambsodecobla.cat\/fr\/wp-json\/wp\/v2\/pages\/2804\/revisions\/2829"}],"wp:attachment":[{"href":"https:\/\/ambsodecobla.cat\/fr\/wp-json\/wp\/v2\/media?parent=2804"}],"curies":[{"name":"wp","href":"https:\/\/api.w.org\/{rel}","templated":true}]}}