{"id":2810,"date":"2023-11-08T14:56:08","date_gmt":"2023-11-08T12:56:08","guid":{"rendered":"https:\/\/ambsodecobla.cat\/politica-de-cookies\/"},"modified":"2024-06-13T12:15:21","modified_gmt":"2024-06-13T10:15:21","slug":"politica-de-cookies","status":"publish","type":"page","link":"https:\/\/ambsodecobla.cat\/fr\/politica-de-cookies\/","title":{"rendered":"Pol\u00edtica de cookies"},"content":{"rendered":"<p>[et_pb_section fb_built=\u00a0\u00bb1&Prime; _builder_version=\u00a0\u00bb4.16&Prime; global_colors_info=\u00a0\u00bb{}\u00a0\u00bb][et_pb_row _builder_version=\u00a0\u00bb4.16&Prime; background_size=\u00a0\u00bbinitial\u00a0\u00bb background_position=\u00a0\u00bbtop_left\u00a0\u00bb background_repeat=\u00a0\u00bbrepeat\u00a0\u00bb global_colors_info=\u00a0\u00bb{}\u00a0\u00bb][et_pb_column type=\u00a0\u00bb4_4&Prime; _builder_version=\u00a0\u00bb4.16&Prime; custom_padding=\u00a0\u00bb|||\u00a0\u00bb global_colors_info=\u00a0\u00bb{}\u00a0\u00bb custom_padding__hover=\u00a0\u00bb|||\u00a0\u00bb][et_pb_text _builder_version=\u00a0\u00bb4.25.1&Prime; background_size=\u00a0\u00bbinitial\u00a0\u00bb background_position=\u00a0\u00bbtop_left\u00a0\u00bb background_repeat=\u00a0\u00bbrepeat\u00a0\u00bb hover_enabled=\u00a0\u00bb0&Prime; global_colors_info=\u00a0\u00bb{}\u00a0\u00bb sticky_enabled=\u00a0\u00bb0&Prime;]<\/p>\n<div class=\"entry-header\">\n<h2 itemprop=\"name\">Pol\u00edtica de Cookies<\/h2>\n<dl class=\"article-info\"><\/dl>\n<\/div>\n<div itemprop=\"articleBody\">\n<h1><\/h1>\n<p>Una Cookie \u00e9s un breu fitxer que s&rsquo;envia i s&#8217;emmagatzema en el disc dur de l&rsquo;ordinador de l&rsquo;usuari a trav\u00e9s del seu navegador quan es connecta a una xarxa. Les Cookies es poden utilitzar per recollir i emmagatzemar dades d&rsquo;usuari mentre est\u00e0 connectat per oferir-li els serveis sol\u00b7licitats.<\/p>\n<p>Les Cookies poden ser pr\u00f2pies o de tercers.<\/p>\n<p><strong>Hi ha diversos tipus de Cookies:<\/strong><\/p>\n<ul>\n<li>Cookies t\u00e8cniques: faciliten la navegaci\u00f3 de l&rsquo;usuari i l&rsquo;\u00fas de les diverses opcions o serveis oferts per la web com identificar la sessi\u00f3, permetre l&rsquo;acc\u00e9s a certes \u00e0rees, seguretat, facilitant funcionalitats (v\u00eddeos, xarxes socials , etc ..).<\/li>\n<li>Cookies de personalitzaci\u00f3: permeten als usuaris accedir a serveis d&rsquo;acord a les seves prefer\u00e8ncies (idioma, navegador, configuraci\u00f3, etc ..).<\/li>\n<li>Cookies d\u2019an\u00e0lisi: permeten l&rsquo;an\u00e0lisi an\u00f2nim del comportament dels usuaris d&rsquo;Internet i permeten mesurar l&rsquo;activitat de l&rsquo;usuari i desenvolupar perfils de navegaci\u00f3 per tal de millorar els llocs web.<\/li>\n<\/ul>\n<p>&nbsp;<\/p>\n<h3>Cookies utilitzades en aquest lloc web:<\/h3>\n<p>Segons les directrius de la<span>\u00a0<\/span><strong>normativa Europea GDPR<span>\u00a0<\/span><\/strong>o<strong><span>\u00a0<\/span>RGPD<\/strong>\u00a0(Reglament General de Protecci\u00f3 de Dades), detallem l\u2019\u00fas de cookies que fa aquesta web amb la finalitat d\u2019informar-lo de la manera m\u00e9s exacte possible.<\/p>\n<p><strong>Aquest lloc web utilitza les seg\u00fcents galetes pr\u00f2pies:<\/strong><\/p>\n<ul>\n<li>Cookies de sessi\u00f3, per permetre l\u2019acc\u00e9s a certes \u00e0rees.<\/li>\n<li>Cookies de personalitzaci\u00f3, per permetre la configuraci\u00f3 i prefer\u00e8ncies de navegaci\u00f3 de l\u2019usuari.<\/li>\n<\/ul>\n<p><strong><span>Aquest lloc web utilitza les seg\u00fcents galetes de tercers:<\/span><\/strong><\/p>\n<ul>\n<li>Google Analytics: en el tractament de les Cookies d&rsquo;an\u00e0lisi, hem sol\u00b7licitat el seu consentiment per al seu \u00fas. Tot aix\u00f2 \u00e9s per millorar els nostres serveis. Utilitzem Google Analytics per recopilar informaci\u00f3 estad\u00edstica an\u00f2nima, com ara el nombre de visitants al nostre lloc. Cookies afegides per Google Analytics es regeixen per les pol\u00edtiques de privadesa de Google Analytics. Per tant, l\u2019exercici de qualsevol dret en aquest sentit s\u2019haur\u00e0 de fer comunicant-se directament amb Google.<\/li>\n<li>Xarxes socials: cada xarxa social utilitza les seves pr\u00f2pies Cookies perqu\u00e8 vost\u00e8 pugui clicar els botons del tipus M\u2019agrada o Compartir.<\/li>\n<\/ul>\n<p>&nbsp;<\/p>\n<h3>Desactivaci\u00f3 o eliminaci\u00f3 de galetes:<\/h3>\n<p>No obstant aix\u00f2, tingui en compte que pot activar, desactivar o eliminar les cookies seguint les instruccions del seu navegador. \u00a0<\/p>\n<ul>\n<li><a href=\"https:\/\/web.archive.org\/web\/20240221153028\/https:\/\/support.google.com\/chrome\/answer\/95647?hl=es\" target=\"_blank\" rel=\"noopener noreferrer\">Google Chrome<\/a><\/li>\n<li><a href=\"https:\/\/web.archive.org\/web\/20240221153028\/https:\/\/support.mozilla.org\/es\/kb\/habilitar-y-deshabilitar-cookies-sitios-web-rastrear-preferencias?redirectlocale=es&amp;redirectslug=habilitar-y-deshabilitar-cookies-que-los-sitios-we\" target=\"_blank\" rel=\"noopener noreferrer\">Mozilla Firefox<\/a><\/li>\n<li><a href=\"https:\/\/web.archive.org\/web\/20240221153028\/https:\/\/support.microsoft.com\/ca-es\/help\/17442\/windows-internet-explorer-delete-manage-cookies\" target=\"_blank\" rel=\"noopener noreferrer\">Internet Explorer<\/a><\/li>\n<li><a href=\"https:\/\/web.archive.org\/web\/20240221153028\/https:\/\/support.apple.com\/kb\/PH21411?locale=es_US&amp;viewlocale=es_US\" target=\"_blank\" rel=\"noopener noreferrer\">Safari<\/a><\/li>\n<li><a href=\"https:\/\/web.archive.org\/web\/20240221153028\/https:\/\/support.apple.com\/en-us\/HT201265\" target=\"_blank\" rel=\"noopener noreferrer\">Safari para IOS<\/a><span>\u00a0<\/span>(iPhone y iPad)<\/li>\n<li><a href=\"https:\/\/web.archive.org\/web\/20240221153028\/https:\/\/support.google.com\/chrome\/answer\/114662?hl=es&amp;visit_id=1-636638841327085282-3909631529&amp;rd=1&amp;co=GENIE.Platform%3DAndroid&amp;oco=1\" target=\"_blank\" rel=\"noopener noreferrer\">Chrome<span>\u00a0<\/span><\/a>(Android)<\/li>\n<\/ul>\n<p>&nbsp;<\/p>\n<h3>Consentiment:<\/h3>\n<p>A\u00a0<strong>ambsodecobla.cat<\/strong>\u00a0mai guardem les dades personals dels nostres usuaris, a excepci\u00f3 de l&rsquo;adre\u00e7a IP d&rsquo;acord amb el descrit anteriorment. Seguim la<span>\u00a0<\/span><strong>normativa Europea GDPR\u00a0<\/strong><span>o<\/span><strong>\u00a0RGPD\u00a0<\/strong><span>(Reglament General de Protecci\u00f3 de Dades).\u00a0<\/span><\/p>\n<p>Al navegar i continuar a la nostra web ens indica que est\u00e0 consentint l&rsquo;\u00fas de les cookies abans enunciades, i en les condicions contingudes en la present Pol\u00edtica de Cookies.<\/p>\n<\/div>\n<p>[\/et_pb_text][\/et_pb_column][\/et_pb_row][\/et_pb_section]<\/p>\n","protected":false},"excerpt":{"rendered":"<p>Pol\u00edtica de Cookies Una Cookie \u00e9s un breu fitxer que s&rsquo;envia i s&#8217;emmagatzema en el disc dur de l&rsquo;ordinador de l&rsquo;usuari a trav\u00e9s del seu navegador quan es connecta a [&hellip;]<\/p>\n","protected":false},"author":1,"featured_media":0,"parent":0,"menu_order":0,"comment_status":"closed","ping_status":"open","template":"","meta":{"_et_pb_use_builder":"on","_et_pb_old_content":"","_et_gb_content_width":"","footnotes":""},"class_list":["post-2810","page","type-page","status-publish","hentry"],"_links":{"self":[{"href":"https:\/\/ambsodecobla.cat\/fr\/wp-json\/wp\/v2\/pages\/2810","targetHints":{"allow":["GET"]}}],"collection":[{"href":"https:\/\/ambsodecobla.cat\/fr\/wp-json\/wp\/v2\/pages"}],"about":[{"href":"https:\/\/ambsodecobla.cat\/fr\/wp-json\/wp\/v2\/types\/page"}],"author":[{"embeddable":true,"href":"https:\/\/ambsodecobla.cat\/fr\/wp-json\/wp\/v2\/users\/1"}],"replies":[{"embeddable":true,"href":"https:\/\/ambsodecobla.cat\/fr\/wp-json\/wp\/v2\/comments?post=2810"}],"version-history":[{"count":2,"href":"https:\/\/ambsodecobla.cat\/fr\/wp-json\/wp\/v2\/pages\/2810\/revisions"}],"predecessor-version":[{"id":2812,"href":"https:\/\/ambsodecobla.cat\/fr\/wp-json\/wp\/v2\/pages\/2810\/revisions\/2812"}],"wp:attachment":[{"href":"https:\/\/ambsodecobla.cat\/fr\/wp-json\/wp\/v2\/media?parent=2810"}],"curies":[{"name":"wp","href":"https:\/\/api.w.org\/{rel}","templated":true}]}}