{"id":2821,"date":"2023-09-26T12:57:14","date_gmt":"2023-09-26T10:57:14","guid":{"rendered":"https:\/\/ambsodecobla.cat\/politica-de-privadesa\/"},"modified":"2024-06-13T12:16:42","modified_gmt":"2024-06-13T10:16:42","slug":"politica-de-privadesa","status":"publish","type":"page","link":"https:\/\/ambsodecobla.cat\/fr\/politica-de-privadesa\/","title":{"rendered":"Pol\u00edtica de privadesa"},"content":{"rendered":"<p>[et_pb_section fb_built=\u00a0\u00bb1&Prime; _builder_version=\u00a0\u00bb4.16&Prime; global_colors_info=\u00a0\u00bb{}\u00a0\u00bb][et_pb_row _builder_version=\u00a0\u00bb4.16&Prime; background_size=\u00a0\u00bbinitial\u00a0\u00bb background_position=\u00a0\u00bbtop_left\u00a0\u00bb background_repeat=\u00a0\u00bbrepeat\u00a0\u00bb global_colors_info=\u00a0\u00bb{}\u00a0\u00bb][et_pb_column type=\u00a0\u00bb4_4&Prime; _builder_version=\u00a0\u00bb4.16&Prime; custom_padding=\u00a0\u00bb|||\u00a0\u00bb global_colors_info=\u00a0\u00bb{}\u00a0\u00bb custom_padding__hover=\u00a0\u00bb|||\u00a0\u00bb][et_pb_text _builder_version=\u00a0\u00bb4.25.1&Prime; background_size=\u00a0\u00bbinitial\u00a0\u00bb background_position=\u00a0\u00bbtop_left\u00a0\u00bb background_repeat=\u00a0\u00bbrepeat\u00a0\u00bb hover_enabled=\u00a0\u00bb0&Prime; global_colors_info=\u00a0\u00bb{}\u00a0\u00bb sticky_enabled=\u00a0\u00bb0&Prime;]<\/p>\n<h2>Pol\u00edtica de Privacitat<\/h2>\n<p>&nbsp;<\/p>\n<p>Visitar\u00a0<strong>ambsodecobla.cat<\/strong>\u00a0no suposa que l\u2019usuari estigui obligat a facilitar cap mena d\u2019informaci\u00f3 de si mateix. En cap cas aquesta web recull dades de m\u00e8todes de pagament ni comptes banc\u00e0ries de cap tipus.<\/p>\n<p>Les dades que es requereixen seran les estrictament necess\u00e0ries, adequades i pertinents per a la finalitat per la qual es recullen i seran sotmeses a un tractament automatitzat. Els fitxers estan pensats per gestionar les peticions formulades i respondre-les.\u00a0<\/p>\n<p>Es podran atendre les sol\u00b7licituds respecte a l\u2019exercici del dret de cancel\u00b7laci\u00f3 de dades d\u2019identificaci\u00f3 dels usuaris mentre aquests ja no desitgin mantenir la seva relaci\u00f3 amb gironacappella.cat. Els usuaris poden oposar-se al tractament de les seves dades respecte a la recepci\u00f3 d\u2019informaci\u00f3 publicit\u00e0ria dels nostres productes i serveis, donant-se de baixa des dels propis butlletins informatius, sempre que ho desitgi. Tamb\u00e9 tenen a la seva disposici\u00f3 la possibilitat de modificar o esborrar personalment les seves dades o fins i tot eliminar completament el seu perfil, iniciant sessi\u00f3 al seu compte, seguint la<strong>\u00a0normativa Europea GDPR o RGPD<\/strong>\u00a0(Reglament General de Protecci\u00f3 de Dades).<\/p>\n<p>En cas que l\u2019usuari faciliti dades de contacte personals de terceres persones, es compromet a comunicar als titulars d\u2019aquestes dades la present cl\u00e0usula i a informar-los, pr\u00e8viament d&rsquo;aquesta comunicaci\u00f3, de tots els aspectes que s\u2019hi recullen, en especial l\u2019exist\u00e8ncia del fitxer, les finalitats del tractament i la possibilitat d\u2019exercici de drets. \u00c9s prohibeix expressament que els menors d&rsquo;edat facilitin dades personals sense el consentiment previ dels pares o tutors. En cas de ser menor d&rsquo;edat i no tenir el consentiment, no faciliti dades personals.<\/p>\n<p>Mentre no ens comuniqui el contrari, entenem que les seves dades no han estat modificades, i que es compromet a notificar-nos qualsevol canvi i entenem que tenim el seu consentiment per utilitzar-les amb la finalitat de poder fidelitzar la relaci\u00f3 entre les dues parts.<\/p>\n<p>DDM VISUAL, S.L. garanteix la confidencialitat de les dades personals que es faciliten a trav\u00e9s de les p\u00e0gines d&rsquo;aquesta web en els termes establerts pel\u00a0<strong>REGLAMENT (UE) 2016\/679 DEL PARLAMENT EUROPEU I DEL CONSELL<\/strong>, de 27 d&rsquo;abril de 2016, relatiu a la protecci\u00f3 de les persones f\u00edsiques pel que fa al tractament de dades personals i a la lliure circulaci\u00f3 d&rsquo;aquestes dades i pel qual es deroga la Directiva 95\/46\/CE,\u00a0i en complir-la, garanteix el dret d\u2019acc\u00e9s, rectificaci\u00f3 i cancel\u00b7laci\u00f3 mitjan\u00e7ant l&rsquo;inici de sessi\u00f3 al seu compte, correu electr\u00f2nic (<span id=\"cloak3dfb3ec5f8cbb68589fcadee93418d98\"><a href=\"mailto:info@ddmvisual.com\">info@ddmvisual.com<\/a><\/span>) o per comunicat postal a DDM VISUAL S.L a c\/ Montb\u00f3 26A 3r \u2013 17007 Girona.<\/p>\n<p><strong>Informaci\u00f3 addicional (general)\u00a0<\/strong><\/p>\n<table width=\"1170\">\n<tbody>\n<tr>\n<td>\n<p><strong>Ep\u00edgraf<\/strong><\/p>\n<\/td>\n<td>\n<p><strong>\u00a0<\/strong><\/p>\n<\/td>\n<td>\n<p><strong>Informaci\u00f3 b\u00e0sica<\/strong><\/p>\n<\/td>\n<td>\n<p><strong>\u00a0<\/strong><\/p>\n<\/td>\n<td>\n<p><strong>Informaci\u00f3 addicional<\/strong><\/p>\n<\/td>\n<\/tr>\n<tr>\n<td>\n<p><strong>Responsable del tractament<\/strong><\/p>\n<\/td>\n<td>\n<p>&nbsp;<\/p>\n<\/td>\n<td>\n<p><strong>Identitat del responsable del tractament:<\/strong><\/p>\n<p>DE-DE-EMA VISUAL, S.L.<\/p>\n<p>NIF: ES-B17752684<\/p>\n<\/td>\n<td>\n<p>&nbsp;<\/p>\n<\/td>\n<td>\n<p><strong>Dades de contacte del responsable:<\/strong><\/p>\n<p>DDM VISUAL, S.L.<\/p>\n<p>c\/ Montb\u00f3 26A 3r 17007 GIRONA<\/p>\n<p><span id=\"cloak6f6cd6df477cb39f5d93060e43f719c9\"><a href=\"mailto:info@ddmvisual.com\">info@ddmvisual.com<\/a><\/span><\/p>\n<p>&nbsp;<\/p>\n<p>&nbsp;<\/p>\n<\/td>\n<\/tr>\n<tr>\n<td rowspan=\"2\">\n<p><strong>Finalitat del tractament<\/strong>\u00a0<\/p>\n<\/td>\n<td rowspan=\"2\">\n<p>&nbsp;<\/p>\n<\/td>\n<td rowspan=\"2\">\n<p>Les dades que es requereixen seran les estrictament necess\u00e0ries, adequades i pertinents per a la finalitat\u00a0 per la qual es recullen.<\/p>\n<p>&nbsp;<\/p>\n<\/td>\n<td rowspan=\"2\">\n<p>&nbsp;<\/p>\n<\/td>\n<td>\n<p><strong>Descripci\u00f3 ampliada de les finalitats del tractament:<\/strong><\/p>\n<p>\u00b7\u00a0\u00a0\u00a0\u00a0\u00a0\u00a0\u00a0\u00a0 Dades d&rsquo;enviament: seran recollides amb la finalitat de poder lliurar les comandes.<\/p>\n<p>\u00b7\u00a0\u00a0\u00a0\u00a0\u00a0\u00a0\u00a0\u00a0 Dades de facturaci\u00f3: seran recollides amb la finalitat de poder elaborar la factura de la compra corresponent.<\/p>\n<p>\u00b7\u00a0\u00a0\u00a0\u00a0\u00a0\u00a0\u00a0\u00a0 Correus electr\u00f2nics: seran recollits amb la finalitat d&rsquo;informar de les activitats derivades de l&#8217;empresa, com ara: concerts, gires, festivals, produccions, llan\u00e7aments de discos, informaci\u00f3 d&rsquo;artistes, promocions i comunicacions en general.<\/p>\n<\/td>\n<\/tr>\n<tr>\n<td>\n<p><strong>Termini de conservaci\u00f3 de les dades:<\/strong><\/p>\n<p>La previsi\u00f3 legal que obliga a conservar-les per raons fiscals i comptables, i a conservar-les per a tenir-les a disposici\u00f3 d\u2019una entitat p\u00fablica competent. No obstant, podran conservar-se m\u00e9s temps amb fins d\u2019arxiu hist\u00f2ric o estad\u00edstic, tret que s\u2019exerceixi oposici\u00f3 i\/o cancel\u00b7laci\u00f3.<\/p>\n<p>Les dades de correus electr\u00f2nics amb finalitats informatives seran conservades indefinidament fins a la modificaci\u00f3, eliminaci\u00f3, oposici\u00f3 i\/o cancel\u00b7laci\u00f3 per part de l&rsquo;usuari.\u00a0<\/p>\n<\/td>\n<\/tr>\n<tr>\n<td rowspan=\"2\">\n<p><strong>Legitimaci\u00f3<\/strong><\/p>\n<\/td>\n<td rowspan=\"2\">\n<p>&nbsp;<\/p>\n<\/td>\n<td rowspan=\"2\">\n<p><strong>REGLAMENT (UE) 2016\/679 DEL PARLAMENT EUROPEU I DEL CONSELL<\/strong>, de 27 d&rsquo;abril de 2016, relatiu a la protecci\u00f3 de les persones f\u00edsiques pel que fa al tractament de dades personals i a la lliure circulaci\u00f3 d&rsquo;aquestes dades i pel qual es deroga la Directiva 95\/46\/CE<\/p>\n<\/td>\n<td rowspan=\"2\">\n<p>&nbsp;<\/p>\n<\/td>\n<td>\n<p>L&rsquo;usuari te la possibilitat de modificar, esborrar i cancel\u00b7lar les seves dades, de manera personal des del seu propi perfil d&rsquo;usuari, aix\u00ed com demanar informaci\u00f3, modificaci\u00f3 i\/o cancel\u00b7laci\u00f3 pr\u00e8via sol\u00b7licitud a les dades de contacte del responsable.\u00a0<\/p>\n<\/td>\n<\/tr>\n<tr>\n<td>\n<p>L&rsquo;usuari te a la seva disposici\u00f3 en el seu perfil personal, a demanar informaci\u00f3 de la aplicaci\u00f3 de la normativa Europea GDPR o RGPD (Reglament General de Protecci\u00f3 de Dades) mitjan\u00e7ant un formulari de contacte intern i privat en la esmentada \u00e0rea personal.<\/p>\n<\/td>\n<\/tr>\n<tr>\n<td rowspan=\"5\">\n<p><strong>Destinataris<\/strong><\/p>\n<\/td>\n<td rowspan=\"5\">\n<p>&nbsp;<\/p>\n<\/td>\n<td rowspan=\"5\">\n<p>Les dades tractades es compartiran \u00fanicament amb els diferents departaments de la pr\u00f2pia empresa, aix\u00ed com a les seves pr\u00f2pies marques i\/o festivals.<\/p>\n<p>No est\u00e0 previst en cap moment la cessi\u00f3 de dades a cap altre empresa d&rsquo;\u00e0mbit nacional, ni internacional.<\/p>\n<\/td>\n<td rowspan=\"5\">\n<p>&nbsp;<\/p>\n<\/td>\n<td>\n<p><strong>Destinatari de la cessi\u00f3:<\/strong><\/p>\n<p>No es preveuen cessions a tercers, \u00fanicament de manera interna entre les pr\u00f2pies activitats de l&#8217;empresa:\u00a0<\/p>\n<p>\u00b7\u00a0\u00a0\u00a0\u00a0\u00a0\u00a0\u00a0\u00a0 DDM VISUAL SL<\/p>\n<p>\u00b7\u00a0\u00a0\u00a0\u00a0\u00a0\u00a0\u00a0\u00a0 Amb So de Cobla<\/p>\n<p>&nbsp;<\/p>\n<\/td>\n<\/tr>\n<tr>\n<td>\n<p><strong>Finalitat de la cessi\u00f3:<\/strong><\/p>\n<p>La cessi\u00f3 entre activitats pr\u00f2pies te la finalitat d&rsquo;informar de les diverses accions, activitats, concerts, produccions, discos, i\/o artistes, de manera informativa.<\/p>\n<\/td>\n<\/tr>\n<tr>\n<td>\n<p><strong>Moviments internacionals de dades:<\/strong><\/p>\n<p>No es produeixen.<\/p>\n<\/td>\n<\/tr>\n<tr>\n<td>\n<p><strong>Transfer\u00e8ncia internacional:<\/strong><\/p>\n<p>No es produeixen.<\/p>\n<\/td>\n<\/tr>\n<tr>\n<td>\n<p><strong>Encarregats del tractament:<\/strong><\/p>\n<p>Les dades son de responsabilitat \u00fanica de DDM VISUAL, S.L. i podran ser tractades amb prove\u00efdors externs de tractament de bases de dades, i d&rsquo;enviaments massius de butlletins i\/o comunicats electr\u00f2nics.<\/p>\n<\/td>\n<\/tr>\n<tr>\n<td>\n<p><strong>Drets de les persones interessades<\/strong><\/p>\n<\/td>\n<td>\n<p>&nbsp;<\/p>\n<\/td>\n<td>\n<p>T\u00e9 dret al fet que li confirmem si estem tractant dades seves.<\/p>\n<p>Dret a accedir a les seves dades, rectificar-les si s\u00f3n inexactes o suprimir-les particularment si ja no \u00e9s necessari tractar-les.<\/p>\n<p>En determinats casos podr\u00e0 sol\u00b7licitar la limitaci\u00f3 del tractament, en aquest cas les utilitzarem \u00fanicament per a l&rsquo;exercici o defensa de reclamacions.<\/p>\n<p>En determinats casos podr\u00e0 oposar-se al fet que tractem les seves dades i deixarem de tractar-les, tret que motius leg\u00edtims imperiosos o l&rsquo;exercici o defensa de possibles reclamacions.<\/p>\n<p>Dret a revocar el consentiment.<\/p>\n<\/td>\n<td>\n<p>&nbsp;<\/p>\n<\/td>\n<td>\n<p><strong>Manera d&rsquo;exercir els drets:<\/strong><\/p>\n<p><strong>AUTOMATITZADA I PERSONAL:<\/strong><\/p>\n<p>\u00b7\u00a0\u00a0\u00a0\u00a0\u00a0\u00a0\u00a0\u00a0 A traves de l&rsquo;acc\u00e9s al apartat personal i privat de cada usuari, iniciant cessi\u00f3, amb la possibilitat de modificar i\/o esborrar les seves dades de manera individual, personal i directa.<\/p>\n<p>\u00b7\u00a0\u00a0\u00a0\u00a0\u00a0\u00a0\u00a0\u00a0 A traves de la sol\u00b7licitud mitjan\u00e7ant el formulari de informaci\u00f3 GDPR que trobar\u00e0 l&rsquo;usuari dins del seu perfil personal.<\/p>\n<p>Sota aquest sup\u00f2sit la identificaci\u00f3 de la persona interessada ser\u00e0 amb el seu usuari i contrasenya, amb la qual \u00e9s la \u00fanica manera d&rsquo;accedir a aquesta part privada del seu apartat personal.\u00a0<\/p>\n<p><strong>A TRAVES DE PR\u00c8VIA SOLICITUD:<\/strong><\/p>\n<p>\u00b7\u00a0\u00a0\u00a0\u00a0\u00a0\u00a0\u00a0\u00a0 Enviant un correu electr\u00f2nic a<span>\u00a0<\/span><span id=\"cloakfb61908673cb219885bd6e44f2c92dd6\"><a href=\"mailto:info@ddmvisual.com\">info@ddmvisual.com<\/a><\/span><\/p>\n<p>Enviant una carta a traves del correu postal a DDM VISUAL, S.L. c\/ Montb\u00f3 26A 3r 17007 GIRONA<\/p>\n<p>\u00b7\u00a0\u00a0\u00a0\u00a0\u00a0\u00a0\u00a0\u00a0 \u00a0<\/p>\n<p>Haur\u00e0 d&rsquo;especificar quin d&rsquo;aquests drets sol\u00b7licita sigui satisfet i, al seu torn, haur\u00e0 d&rsquo;acompanyar-se de la fotoc\u00f2pia del DNI o document identificatiu equivalent.<\/p>\n<p>En cas que actu\u00e9s mitjan\u00e7ant representant, legal o voluntari, haur\u00e0 d&rsquo;aportar tamb\u00e9 un document que acrediti la representaci\u00f3 i document identificatiu del mateix.<\/p>\n<p>&nbsp;<\/p>\n<p>Si vol disposar d&rsquo;un model per a aix\u00f2 podr\u00e0 utilitzar un model oficial de l&rsquo;Ag\u00e8ncia:\u00a0<\/p>\n<p>http:\/\/www.agpd.es\/portalwebagpd\/canaldelciudadano\/derechos\/index-ides-idphp.php<\/p>\n<\/td>\n<\/tr>\n<\/tbody>\n<\/table>\n<p>[\/et_pb_text][\/et_pb_column][\/et_pb_row][\/et_pb_section]<\/p>\n","protected":false},"excerpt":{"rendered":"<p>Pol\u00edtica de Privacitat &nbsp; Visitar\u00a0ambsodecobla.cat\u00a0no suposa que l\u2019usuari estigui obligat a facilitar cap mena d\u2019informaci\u00f3 de si mateix. En cap cas aquesta web recull dades de m\u00e8todes de pagament ni [&hellip;]<\/p>\n","protected":false},"author":1,"featured_media":0,"parent":0,"menu_order":0,"comment_status":"closed","ping_status":"open","template":"","meta":{"_et_pb_use_builder":"on","_et_pb_old_content":"","_et_gb_content_width":"","footnotes":""},"class_list":["post-2821","page","type-page","status-publish","hentry"],"_links":{"self":[{"href":"https:\/\/ambsodecobla.cat\/fr\/wp-json\/wp\/v2\/pages\/2821","targetHints":{"allow":["GET"]}}],"collection":[{"href":"https:\/\/ambsodecobla.cat\/fr\/wp-json\/wp\/v2\/pages"}],"about":[{"href":"https:\/\/ambsodecobla.cat\/fr\/wp-json\/wp\/v2\/types\/page"}],"author":[{"embeddable":true,"href":"https:\/\/ambsodecobla.cat\/fr\/wp-json\/wp\/v2\/users\/1"}],"replies":[{"embeddable":true,"href":"https:\/\/ambsodecobla.cat\/fr\/wp-json\/wp\/v2\/comments?post=2821"}],"version-history":[{"count":2,"href":"https:\/\/ambsodecobla.cat\/fr\/wp-json\/wp\/v2\/pages\/2821\/revisions"}],"predecessor-version":[{"id":2823,"href":"https:\/\/ambsodecobla.cat\/fr\/wp-json\/wp\/v2\/pages\/2821\/revisions\/2823"}],"wp:attachment":[{"href":"https:\/\/ambsodecobla.cat\/fr\/wp-json\/wp\/v2\/media?parent=2821"}],"curies":[{"name":"wp","href":"https:\/\/api.w.org\/{rel}","templated":true}]}}